{"id":5215,"date":"2025-02-13T05:34:55","date_gmt":"2025-02-13T05:34:55","guid":{"rendered":"https:\/\/lencisvn.com\/?page_id=5215"},"modified":"2025-02-18T05:00:13","modified_gmt":"2025-02-18T05:00:13","slug":"customization-maintenance-service-international","status":"publish","type":"page","link":"https:\/\/lencisvn.com\/vi\/customization-maintenance-service-international\/","title":{"rendered":"Customization &amp; Maintenance Service \u2013 International"},"content":{"rendered":"<div data-elementor-type=\"wp-page\" data-elementor-id=\"5215\" class=\"elementor elementor-5215\" data-elementor-post-type=\"page\">\n\t\t\t\t<div class=\"elementor-element elementor-element-31441cc e-flex e-con-boxed wpr-particle-no wpr-jarallax-no wpr-parallax-no wpr-sticky-section-no e-con e-parent\" data-id=\"31441cc\" data-element_type=\"container\" data-e-type=\"container\">\n\t\t\t\t\t<div class=\"e-con-inner\">\n\t\t\t\t<div class=\"elementor-element elementor-element-a5f5cac elementor-widget elementor-widget-heading\" data-id=\"a5f5cac\" data-element_type=\"widget\" data-e-type=\"widget\" data-widget_type=\"heading.default\">\n\t\t\t\t<div class=\"elementor-widget-container\">\n\t\t\t\t\t<h2 class=\"elementor-heading-title elementor-size-default\">Customization &amp; Maintenance Service \u2013 International\n<\/h2>\t\t\t\t<\/div>\n\t\t\t\t<\/div>\n\t\t\t\t\t<\/div>\n\t\t\t\t<\/div>\n\t\t<div class=\"elementor-element elementor-element-1390f19 e-flex e-con-boxed wpr-particle-no wpr-jarallax-no wpr-parallax-no wpr-sticky-section-no e-con e-parent\" data-id=\"1390f19\" data-element_type=\"container\" data-e-type=\"container\">\n\t\t\t\t\t<div class=\"e-con-inner\">\n\t\t\t\t<div class=\"elementor-element elementor-element-ff88df2 elementor-widget elementor-widget-text-editor\" data-id=\"ff88df2\" data-element_type=\"widget\" data-e-type=\"widget\" data-widget_type=\"text-editor.default\">\n\t\t\t\t<div class=\"elementor-widget-container\">\n\t\t\t\t\t\t\t\t\t<p>Ch\u00fang t\u00f4i cung c\u1ea5p d\u1ecbch v\u1ee5 may \u0111o, thay \u0111\u1ed5i v\u00e0 s\u1eeda \u0111\u1ed5i t\u00f9y ch\u1ec9nh chuy\u00ean nghi\u1ec7p \u0111\u1ec3 \u0111\u1ea3m b\u1ea3o s\u1ef1 ph\u00f9 h\u1ee3p ho\u00e0n h\u1ea3o.<\/p>\t\t\t\t\t\t\t\t<\/div>\n\t\t\t\t<\/div>\n\t\t\t\t<div class=\"elementor-element elementor-element-2bfc32d elementor-widget elementor-widget-html\" data-id=\"2bfc32d\" data-element_type=\"widget\" data-e-type=\"widget\" data-widget_type=\"html.default\">\n\t\t\t\t<div class=\"elementor-widget-container\">\n\t\t\t\t\t<!DOCTYPE html>\r\n<html>\r\n<head>\r\n    <title>Tailoring Services<\/title>\r\n    <style>\r\n        table {\r\n            width: 100%;\r\n            border-collapse: collapse;\r\n        }\r\n        th, td {\r\n            border: 1px solid black;\r\n            padding: 8px;\r\n            text-align: left;\r\n        }\r\n        th {\r\n            background-color: #f2f2f2;\r\n        }\r\n    <\/style>\r\n<\/head>\r\n<body>\r\n    <table>\r\n        <tr>\r\n            <th>No.<\/th>\r\n            <th>Request<\/th>\r\n            <th>Fee (USD)<\/th>\r\n            <th>Processing Time<\/th>\r\n        <\/tr>\r\n        <tr>\r\n            <td>1<\/td>\r\n            <td>Shortening\/Lengthening plain hem<\/td>\r\n            <td>$10<\/td>\r\n            <td>5 days<\/td>\r\n        <\/tr>\r\n        <tr>\r\n            <td>2<\/td>\r\n            <td>Taking in\/Letting out waist on skirts, trousers<\/td>\r\n            <td>$10<\/td>\r\n            <td>5 days<\/td>\r\n        <\/tr>\r\n        <tr>\r\n            <td>3<\/td>\r\n            <td>Taking in\/Letting out waist on dresses<\/td>\r\n            <td>$20<\/td>\r\n            <td>5 days<\/td>\r\n        <\/tr>\r\n        <tr>\r\n            <td>4<\/td>\r\n            <td>Hemming skirts\/trousers\/dresses<\/td>\r\n            <td>$10<\/td>\r\n            <td>5 days<\/td>\r\n        <\/tr>\r\n        <tr>\r\n            <td>5<\/td>\r\n            <td>Hemming sleeves, jackets, Ao dai<\/td>\r\n            <td>$20<\/td>\r\n            <td>5 days<\/td>\r\n        <\/tr>\r\n        <tr>\r\n            <td>6<\/td>\r\n            <td>Replacing zippers on dresses, trousers, skirts<\/td>\r\n            <td>$10<\/td>\r\n            <td>5 days<\/td>\r\n        <\/tr>\r\n        <tr>\r\n            <td>7<\/td>\r\n            <td>Custom tailoring by measurements<\/td>\r\n            <td>10-50% of item value<\/td>\r\n            <td>8-14 days<\/td>\r\n        <\/tr>\r\n        <tr>\r\n            <td>8<\/td>\r\n            <td>Changing color (using available fabric)<\/td>\r\n            <td>20% of item value<\/td>\r\n            <td>8-14 days<\/td>\r\n        <\/tr>\r\n        <tr>\r\n            <td>9<\/td>\r\n            <td>Adding up to 10cm to the length of a product<\/td>\r\n            <td>10% of item value<\/td>\r\n            <td>8-14 days<\/td>\r\n        <\/tr>\r\n        <tr>\r\n            <td>10<\/td>\r\n            <td>Adding up to 50% to the length of a product<\/td>\r\n            <td>30% of item value<\/td>\r\n            <td>8-14 days<\/td>\r\n        <\/tr>\r\n    <\/table>\r\n<\/body>\r\n<\/html>\r\n\t\t\t\t<\/div>\n\t\t\t\t<\/div>\n\t\t\t\t\t<\/div>\n\t\t\t\t<\/div>\n\t\t<div class=\"elementor-element elementor-element-ed7e8a0 e-flex e-con-boxed wpr-particle-no wpr-jarallax-no wpr-parallax-no wpr-sticky-section-no e-con e-parent\" data-id=\"ed7e8a0\" data-element_type=\"container\" data-e-type=\"container\">\n\t\t\t\t\t<div class=\"e-con-inner\">\n\t\t\t\t<div class=\"elementor-element elementor-element-6bf1cdb elementor-widget elementor-widget-text-editor\" data-id=\"6bf1cdb\" data-element_type=\"widget\" data-e-type=\"widget\" data-widget_type=\"text-editor.default\">\n\t\t\t\t<div class=\"elementor-widget-container\">\n\t\t\t\t\t\t\t\t\t<p>M\u1ecdi th\u1eafc m\u1eafc v\u1ec1 d\u1ecbch v\u1ee5 ch\u1ec9nh s\u1eeda may \u0111o, vui l\u00f2ng li\u00ean h\u1ec7 v\u1edbi ch\u00fang t\u00f4i.<br \/><br \/><\/p>\t\t\t\t\t\t\t\t<\/div>\n\t\t\t\t<\/div>\n\t\t\t\t\t<\/div>\n\t\t\t\t<\/div>\n\t\t\t\t<\/div>","protected":false},"excerpt":{"rendered":"<p>Customization &amp; Maintenance Service \u2013 International We provide professional tailoring, alterations, and custom modifications to ensure a perfect fit. Tailoring Services No. Request Fee (USD) Processing Time 1 Shortening\/Lengthening plain hem $10 5 days 2 Taking in\/Letting out waist on skirts, trousers $10 5 days 3 Taking in\/Letting out waist on dresses $20 5 days 4 Hemming skirts\/trousers\/dresses $10 5 days 5 Hemming sleeves, jackets, Ao dai $20 5 days 6 Replacing zippers on dresses, trousers, skirts $10 5 days 7 Custom tailoring by measurements 10-50% of item value 8-14 days 8 Changing color (using available fabric) 20% of item value 8-14 days 9 Adding up to 10cm to the length of a product 10% of item value 8-14 days 10 Adding up to 50% to the length of a product 30% of item value 8-14 days For further inquiries regarding custom services, please contact us.<\/p>","protected":false},"author":1,"featured_media":0,"parent":0,"menu_order":0,"comment_status":"closed","ping_status":"closed","template":"elementor_canvas","meta":{"footnotes":""},"class_list":["post-5215","page","type-page","status-publish","hentry"],"_links":{"self":[{"href":"https:\/\/lencisvn.com\/vi\/wp-json\/wp\/v2\/pages\/5215","targetHints":{"allow":["GET"]}}],"collection":[{"href":"https:\/\/lencisvn.com\/vi\/wp-json\/wp\/v2\/pages"}],"about":[{"href":"https:\/\/lencisvn.com\/vi\/wp-json\/wp\/v2\/types\/page"}],"author":[{"embeddable":true,"href":"https:\/\/lencisvn.com\/vi\/wp-json\/wp\/v2\/users\/1"}],"replies":[{"embeddable":true,"href":"https:\/\/lencisvn.com\/vi\/wp-json\/wp\/v2\/comments?post=5215"}],"version-history":[{"count":22,"href":"https:\/\/lencisvn.com\/vi\/wp-json\/wp\/v2\/pages\/5215\/revisions"}],"predecessor-version":[{"id":5472,"href":"https:\/\/lencisvn.com\/vi\/wp-json\/wp\/v2\/pages\/5215\/revisions\/5472"}],"wp:attachment":[{"href":"https:\/\/lencisvn.com\/vi\/wp-json\/wp\/v2\/media?parent=5215"}],"curies":[{"name":"wp","href":"https:\/\/api.w.org\/{rel}","templated":true}]}}