{"id":5218,"date":"2025-02-13T05:49:06","date_gmt":"2025-02-13T05:49:06","guid":{"rendered":"https:\/\/lencisvn.com\/?page_id=5218"},"modified":"2026-03-26T04:36:24","modified_gmt":"2026-03-26T04:36:24","slug":"ordering-delivery","status":"publish","type":"page","link":"https:\/\/lencisvn.com\/vi\/ordering-delivery\/","title":{"rendered":"Ordering &amp; Delivery"},"content":{"rendered":"<div data-elementor-type=\"wp-page\" data-elementor-id=\"5218\" class=\"elementor elementor-5218\" data-elementor-post-type=\"page\">\n\t\t\t\t<div class=\"elementor-element elementor-element-a33f3e7 e-flex e-con-boxed wpr-particle-no wpr-jarallax-no wpr-parallax-no wpr-sticky-section-no e-con e-parent\" data-id=\"a33f3e7\" data-element_type=\"container\" data-e-type=\"container\">\n\t\t\t\t\t<div class=\"e-con-inner\">\n\t\t\t\t<div class=\"elementor-element elementor-element-66b8280 elementor-widget elementor-widget-heading\" data-id=\"66b8280\" data-element_type=\"widget\" data-e-type=\"widget\" data-widget_type=\"heading.default\">\n\t\t\t\t<div class=\"elementor-widget-container\">\n\t\t\t\t\t<h2 class=\"elementor-heading-title elementor-size-default\">Ordering &amp; Delivery\n<\/h2>\t\t\t\t<\/div>\n\t\t\t\t<\/div>\n\t\t\t\t<div class=\"elementor-element elementor-element-c739380 elementor-widget__width-initial elementor-widget elementor-widget-text-editor\" data-id=\"c739380\" data-element_type=\"widget\" data-e-type=\"widget\" data-widget_type=\"text-editor.default\">\n\t\t\t\t<div class=\"elementor-widget-container\">\n\t\t\t\t\t\t\t\t\t<p>Ch\u00fang t\u00f4i r\u1ea5t vui \u0111\u01b0\u1ee3c h\u01b0\u1edbng d\u1eabn b\u1ea1n qua c\u00e1c b\u01b0\u1edbc mua h\u00e0ng tr\u00ean website c\u1ee7a ch\u00fang t\u00f4i. Vui l\u00f2ng l\u00e0m theo c\u00e1c b\u01b0\u1edbc sau \u0111\u1ec3 ho\u00e0n t\u1ea5t \u0111\u01a1n h\u00e0ng c\u1ee7a b\u1ea1n:<\/p><ul><li><strong>Ch\u1ecdn M\u1eabu v\u00e0 S\u1ed1 L\u01b0\u1ee3ng:<\/strong><br \/>&#8211; Browse through our products and choose the item you wish to purchase.<br \/>Ch\u1ecdn s\u1ed1 l\u01b0\u1ee3ng s\u1ea3n ph\u1ea9m mong mu\u1ed1n.<\/li><li><strong>Th\u00eam V\u00e0o Gi\u1ecf H\u00e0ng:<\/strong><br \/>Nh\u1ea5n v\u00e0o \u201cAdd to card\u201d \u0111\u1ec3 th\u00eam s\u1ea3n ph\u1ea9m \u0111\u00e3 ch\u1ecdn v\u00e0o gi\u1ecf h\u00e0ng c\u1ee7a b\u1ea1n.<\/li><li><strong>Ti\u1ebfn H\u00e0nh Thanh To\u00e1n:<\/strong><br \/>Nh\u1ea5n v\u00e0o bi\u1ec3u t\u01b0\u1ee3ng gi\u1ecf h\u00e0ng \u1edf g\u00f3c tr\u00ean b\u00ean ph\u1ea3i c\u1ee7a trang v\u00e0 ch\u1ecdn \u201cProceed check out\u201d \u0111\u1ec3 b\u1eaft \u0111\u1ea7u qu\u00e1 tr\u00ecnh thanh to\u00e1n.<\/li><li><strong>Nh\u1eadp Th\u00f4ng Tin Giao H\u00e0ng:<\/strong><br \/>&#8211; Accurately fill in the shipping information, including your Name, Phone Number, and Address.<\/li><li><strong>Ki\u1ec3m Tra Ph\u00ed V\u1eadn Chuy\u1ec3n:<\/strong><br \/>Ph\u00ed v\u1eadn chuy\u1ec3n s\u1ebd \u0111\u01b0\u1ee3c \u01b0\u1edbc t\u00ednh d\u1ef1a tr\u00ean khu v\u1ef1c giao h\u00e0ng.<br \/>&#8211; International shipping fees are for reference only. LENCIS will contact you via email if there are any adjustments to the actual shipping fees.<br \/>Ph\u00ed v\u1eadn chuy\u1ec3n trong Vi\u1ec7t Nam l\u00e0 25,000 VND.<\/li><li><strong>Thanh To\u00e1n \u0110\u01a1n H\u00e0ng:<\/strong><br \/>Ch\u1ecdn h\u00ecnh th\u1ee9c thanh to\u00e1n ph\u00f9 h\u1ee3p v\u00e0 nh\u1ea5n v\u00e0o \u201cPlace order\u201d \u0111\u1ec3 ti\u1ebfn h\u00e0nh thanh to\u00e1n \u0111\u01a1n h\u00e0ng c\u1ee7a b\u1ea1n.<br \/>&#8211; International orders will be considered complete once \u00a0LENCIS! receives the payment.<\/li><li><strong>Giao h\u00e0ng:<\/strong><strong><br \/><\/strong>&#8211; Vietnam: Delivery time varies by region, ranging from 2-7 days for available products.<strong><br \/><\/strong>&#8211; International: LENCIS offers international shipping. Delivery time varies by location, typically taking 10 to 25 days for available products.<p>Caleelilou mong r\u1eb1ng h\u01b0\u1edbng d\u1eabn n\u00e0y s\u1ebd gi\u00fap b\u1ea1n d\u1ec5 d\u00e0ng h\u01a1n trong vi\u1ec7c mua s\u1eafm tr\u00ean website c\u1ee7a ch\u00fang t\u00f4i. N\u1ebfu c\u00f3 b\u1ea5t k\u1ef3 c\u00e2u h\u1ecfi n\u00e0o, vui l\u00f2ng li\u00ean h\u1ec7 v\u1edbi \u0111\u1ed9i ng\u0169 h\u1ed7 tr\u1ee3 kh\u00e1ch h\u00e0ng c\u1ee7a ch\u00fang t\u00f4i qua email ho\u1eb7c fanpage.<br \/>Thank you for shopping at LENCIS!<\/p><\/li><\/ul>\t\t\t\t\t\t\t\t<\/div>\n\t\t\t\t<\/div>\n\t\t\t\t\t<\/div>\n\t\t\t\t<\/div>\n\t\t\t\t<\/div>","protected":false},"excerpt":{"rendered":"<p>Ordering &amp; Delivery We are delighted to guide you through the steps for making a purchase on our website. Please follow the steps below to complete your order: Select Item and Quantity:&#8211; Browse through our products and choose the item you wish to purchase.&#8211; Select the desired quantity of the product. Add to Cart:&#8211; Click on \u201cAdd to Cart\u201d to add the selected product to your shopping cart. Proceed to Checkout:&#8211; Click on the cart icon at the top right corner of the page and select \u201cProceed to Checkout\u201d to begin the checkout process. Enter Shipping Information:&#8211; Accurately fill in the shipping information, including your Name, Phone Number, and Address. Check Shipping Fees:&#8211; Shipping fees will be calculated based on your delivery location.&#8211; International shipping fees are for reference only. LENCIS will contact you via email if there are any adjustments to the actual shipping fees.&#8211; The shipping fee within Vietnam is 25,000 VND. Complete Payment:&#8211; Select the appropriate payment method and click on \u201cPlace Order\u201d to proceed with the payment for your order.&#8211; International orders will be considered complete once \u00a0LENCIS! receives the payment. Shipping &amp; Delivery:&#8211; Vietnam: Delivery time varies by region, ranging from 2-7 days for available products.&#8211; International: LENCIS offers international shipping. Delivery time varies by location, typically taking 10 to 25 days for available products. We hope this guide makes your shopping experience on our website more seamless. If you have any questions, please feel free to contact our customer support team via email or our fan page.Thank you for shopping at LENCIS!<\/p>","protected":false},"author":1,"featured_media":0,"parent":0,"menu_order":0,"comment_status":"closed","ping_status":"closed","template":"elementor_canvas","meta":{"footnotes":""},"class_list":["post-5218","page","type-page","status-publish","hentry"],"_links":{"self":[{"href":"https:\/\/lencisvn.com\/vi\/wp-json\/wp\/v2\/pages\/5218","targetHints":{"allow":["GET"]}}],"collection":[{"href":"https:\/\/lencisvn.com\/vi\/wp-json\/wp\/v2\/pages"}],"about":[{"href":"https:\/\/lencisvn.com\/vi\/wp-json\/wp\/v2\/types\/page"}],"author":[{"embeddable":true,"href":"https:\/\/lencisvn.com\/vi\/wp-json\/wp\/v2\/users\/1"}],"replies":[{"embeddable":true,"href":"https:\/\/lencisvn.com\/vi\/wp-json\/wp\/v2\/comments?post=5218"}],"version-history":[{"count":61,"href":"https:\/\/lencisvn.com\/vi\/wp-json\/wp\/v2\/pages\/5218\/revisions"}],"predecessor-version":[{"id":7610,"href":"https:\/\/lencisvn.com\/vi\/wp-json\/wp\/v2\/pages\/5218\/revisions\/7610"}],"wp:attachment":[{"href":"https:\/\/lencisvn.com\/vi\/wp-json\/wp\/v2\/media?parent=5218"}],"curies":[{"name":"wp","href":"https:\/\/api.w.org\/{rel}","templated":true}]}}